{"id":4947,"date":"2013-05-31T11:58:45","date_gmt":"2013-05-31T11:58:45","guid":{"rendered":"http:\/\/zephyr.us-themes.com\/pages\/services\/"},"modified":"2024-03-04T14:45:29","modified_gmt":"2024-03-04T13:45:29","slug":"services","status":"publish","type":"page","link":"https:\/\/www.dbshowroom.com\/?page_id=4947","title":{"rendered":"Services &#038; Tarifs"},"content":{"rendered":"<section class=\"l-section wpb_row height_medium\"><div class=\"l-section-h i-cf\"><div class=\"g-cols offset_medium\"><div class=\" full-width\"><div class=\"g-cols wpb_row offset_medium vc_inner \"><div class=\" full-width\"><div class=\"w-iconbox iconpos_left size_medium style_circle color_primary\"><a class=\"w-iconbox-link\" href=\"#\"><div class=\"w-iconbox-icon\"><i class=\"mdfi_image_photo_camera\"><\/i><\/div><h4 class=\"w-iconbox-title\">Photo<\/h4><\/a><div class=\"w-iconbox-text\">Pour toute personnalisation des reportages, formules ou autre demande de prestation (packshot, mode, retouche &#8230;) n&rsquo;h\u00e9sitez pas \u00e0 me <a href=\"http:\/\/www.dbshowroom.com\/?page_id=4945\">contacter<\/a>. Un devis correspondant au plus juste \u00e0 vos besoins vous sera adress\u00e9 dans les plus brefs d\u00e9lais.<\/div><\/div><div class=\"w-separator type_invisible size_medium thick_1 style_solid color_border cont_none\"><span class=\"w-separator-h\"><\/span><\/div><\/div><\/div><div class=\"g-cols wpb_row offset_medium vc_inner \"><div class=\" one-half\"><div class=\"wpb_text_column \"><div class=\"wpb_wrapper\">\n<h4>Reportage<\/h4>\n<h5>Demie journ\u00e9e &#8211;\u00a0550\u20ac<\/h5>\n<ul>\n<li>Reportage sur site.<\/li>\n<li>Chromie et fourniture de\u00a020 \u00e0 30 images haute d\u00e9finition sur support num\u00e9rique.<\/li>\n<li>Droits print et web 1 an inclus.<\/li>\n<li>D\u00e9placement inclus jusqu&rsquo;\u00e0 100 km de Biarritz.<\/li>\n<\/ul>\n<h5>Journ\u00e9e &#8211;\u00a0850\u20ac<\/h5>\n<ul>\n<li>Reportage sur site.<\/li>\n<li>Chromie et fourniture de 40 \u00e0 60 images haute d\u00e9finition sur support num\u00e9rique.<\/li>\n<li>Droits print et web 1 an inclus.<\/li>\n<li>D\u00e9placement inclus jusqu&rsquo;\u00e0 100 km de Biarritz.<\/li>\n<\/ul>\n<\/div> <\/div> <\/div><\/div><\/div><div class=\" full-width\"><div class=\"w-separator type_default size_medium thick_1 style_solid color_border cont_none\"><span class=\"w-separator-h\"><\/span><\/div><div class=\"w-iconbox iconpos_left size_medium style_circle color_custom\"><a class=\"w-iconbox-link\" href=\"#\"><div class=\"w-iconbox-icon\" style=\"background-color: #6fa4bf;box-shadow: 0 0 0 2px #6fa4bf inset;color: #ffffff;\"><i class=\"mdfi_av_movie\"><\/i><\/div><h4 class=\"w-iconbox-title\">Video<\/h4><\/a><div class=\"w-iconbox-text\">Pour tous les travaux relatifs \u00e0 la vid\u00e9o, veuillez me <a href=\"http:\/\/www.dbshowroom.com\/?page_id=4945\">contacter<\/a>. Un devis correspondant au plus juste \u00e0 vos besoins vous sera adress\u00e9 dans les plus brefs d\u00e9lais.<\/div><\/div><\/div><\/div><\/div><\/section>\n","protected":false},"excerpt":{"rendered":"PhotoPour toute personnalisation des reportages, formules ou autre demande de prestation (packshot, mode, retouche ...) n'h\u00e9sitez pas \u00e0 me contacter. Un devis correspondant au plus juste \u00e0 vos besoins vous sera adress\u00e9 dans les plus brefs d\u00e9lais. Reportage Demie journ\u00e9e...","protected":false},"author":1,"featured_media":0,"parent":0,"menu_order":0,"comment_status":"closed","ping_status":"closed","template":"","meta":[],"_links":{"self":[{"href":"https:\/\/www.dbshowroom.com\/index.php?rest_route=\/wp\/v2\/pages\/4947"}],"collection":[{"href":"https:\/\/www.dbshowroom.com\/index.php?rest_route=\/wp\/v2\/pages"}],"about":[{"href":"https:\/\/www.dbshowroom.com\/index.php?rest_route=\/wp\/v2\/types\/page"}],"author":[{"embeddable":true,"href":"https:\/\/www.dbshowroom.com\/index.php?rest_route=\/wp\/v2\/users\/1"}],"replies":[{"embeddable":true,"href":"https:\/\/www.dbshowroom.com\/index.php?rest_route=%2Fwp%2Fv2%2Fcomments&post=4947"}],"version-history":[{"count":33,"href":"https:\/\/www.dbshowroom.com\/index.php?rest_route=\/wp\/v2\/pages\/4947\/revisions"}],"predecessor-version":[{"id":5740,"href":"https:\/\/www.dbshowroom.com\/index.php?rest_route=\/wp\/v2\/pages\/4947\/revisions\/5740"}],"wp:attachment":[{"href":"https:\/\/www.dbshowroom.com\/index.php?rest_route=%2Fwp%2Fv2%2Fmedia&parent=4947"}],"curies":[{"name":"wp","href":"https:\/\/api.w.org\/{rel}","templated":true}]}}